{"id":31,"date":"2023-02-11T15:43:23","date_gmt":"2023-02-11T14:43:23","guid":{"rendered":"http:\/\/ernestomanciet.fr\/?page_id=31"},"modified":"2024-01-20T16:13:07","modified_gmt":"2024-01-20T15:13:07","slug":"hotel","status":"publish","type":"page","link":"https:\/\/ernestomanciet.fr\/index.php\/hotel\/","title":{"rendered":"H\u00f4tel"},"content":{"rendered":"\n<p><\/p>\n\n\n\n<p class=\"has-text-align-center\">De passage, en vacances, le Bar-H\u00f4tel-Restaurant Ernesto vous propose des chambres.<\/p>\n\n\n\n<p class=\"has-text-align-center\">L&#8217;\u00e9tablissement poss\u00e8de 4 chambres.<\/p>\n\n\n\n<div class=\"wp-block-group\"><div class=\"wp-block-group__inner-container is-layout-constrained wp-block-group-is-layout-constrained\">\n<p class=\"has-text-align-center\">2 chambres avec 1 lit double et 1 lit simple<\/p>\n\n\n\n<p class=\"has-text-align-center\">1 chambre avec 1 lit double<\/p>\n\n\n\n<p class=\"has-text-align-center\">1 chambre avec 2 lits simples<\/p>\n\n\n\n<p><\/p>\n<\/div><\/div>\n\n\n\n<p class=\"has-text-align-center has-medium-font-size\"><strong>Tarifs:<\/strong><\/p>\n\n\n\n<div class=\"wp-block-group\"><div class=\"wp-block-group__inner-container is-layout-constrained wp-block-group-is-layout-constrained\">\n<p class=\"has-text-align-center\">Chambre individuelle : 48\u20ac<\/p>\n\n\n\n<p class=\"has-text-align-center\">Chambre double : 57\u20ac<\/p>\n\n\n\n<p class=\"has-text-align-center\">Chambre triple : 81\u20ac<\/p>\n\n\n\n<p class=\"has-text-align-center\">1\/2 pension pour une personne : 70\u20ac<\/p>\n\n\n\n<p class=\"has-text-align-center\">1\/2 pension pour deux personnes : 100\u20ac<\/p>\n<\/div><\/div>\n\n\n\n<p><\/p>\n\n\n\n<div class=\"wp-block-group\"><div class=\"wp-block-group__inner-container is-layout-constrained wp-block-group-is-layout-constrained\">\n<p class=\"has-text-align-center\">Petit d\u00e9jeuner : 7\u20ac\/personne<\/p>\n\n\n\n<p class=\"has-text-align-center\">Animaux : 5\u20ac<\/p>\n<\/div><\/div>\n\n\n\n<p><\/p>\n","protected":false},"excerpt":{"rendered":"<p>De passage, en vacances, le Bar-H\u00f4tel-Restaurant Ernesto vous propose des chambres. L&#8217;\u00e9tablissement poss\u00e8de 4 chambres. 2 chambres avec 1 lit double et 1 lit simple 1 chambre avec 1 lit double 1 chambre avec 2 lits simples Tarifs: Chambre individuelle : 48\u20ac Chambre double : 57\u20ac Chambre triple : 81\u20ac 1\/2 pension pour une personne : 70\u20ac 1\/2 pension pour deux personnes : 100\u20ac Petit d\u00e9jeuner : 7\u20ac\/personne Animaux : 5\u20ac<\/p>\n","protected":false},"author":1,"featured_media":0,"parent":0,"menu_order":0,"comment_status":"closed","ping_status":"closed","template":"","meta":{"footnotes":""},"class_list":["post-31","page","type-page","status-publish","hentry"],"yoast_head":"<!-- This site is optimized with the Yoast SEO plugin v20.1 - https:\/\/yoast.com\/wordpress\/plugins\/seo\/ -->\n<title>H\u00f4tel - Ernesto<\/title>\n<meta name=\"robots\" content=\"index, follow, max-snippet:-1, max-image-preview:large, max-video-preview:-1\" \/>\n<link rel=\"canonical\" href=\"https:\/\/ernestomanciet.fr\/index.php\/hotel\/\" \/>\n<meta property=\"og:locale\" content=\"en_US\" \/>\n<meta property=\"og:type\" content=\"article\" \/>\n<meta property=\"og:title\" content=\"H\u00f4tel - Ernesto\" \/>\n<meta property=\"og:description\" content=\"De passage, en vacances, le Bar-H\u00f4tel-Restaurant Ernesto vous propose des chambres. L&#8217;\u00e9tablissement poss\u00e8de 4 chambres. 2 chambres avec 1 lit double et 1 lit simple 1 chambre avec 1 lit double 1 chambre avec 2 lits simples Tarifs: Chambre individuelle : 48\u20ac Chambre double : 57\u20ac Chambre triple : 81\u20ac 1\/2 pension pour une personne : 70\u20ac 1\/2 pension pour deux personnes : 100\u20ac Petit d\u00e9jeuner : 7\u20ac\/personne Animaux : 5\u20ac\" \/>\n<meta property=\"og:url\" content=\"https:\/\/ernestomanciet.fr\/index.php\/hotel\/\" \/>\n<meta property=\"og:site_name\" content=\"Ernesto\" \/>\n<meta property=\"article:publisher\" content=\"https:\/\/www.facebook.com\/ernestomanciet\" \/>\n<meta property=\"article:modified_time\" content=\"2024-01-20T15:13:07+00:00\" \/>\n<meta name=\"twitter:card\" content=\"summary_large_image\" \/>\n<meta name=\"twitter:label1\" content=\"Est. reading time\" \/>\n\t<meta name=\"twitter:data1\" content=\"1 minute\" \/>\n<script type=\"application\/ld+json\" class=\"yoast-schema-graph\">{\"@context\":\"https:\/\/schema.org\",\"@graph\":[{\"@type\":\"WebPage\",\"@id\":\"https:\/\/ernestomanciet.fr\/index.php\/hotel\/\",\"url\":\"https:\/\/ernestomanciet.fr\/index.php\/hotel\/\",\"name\":\"H\u00f4tel - Ernesto\",\"isPartOf\":{\"@id\":\"https:\/\/ernestomanciet.fr\/#website\"},\"datePublished\":\"2023-02-11T14:43:23+00:00\",\"dateModified\":\"2024-01-20T15:13:07+00:00\",\"breadcrumb\":{\"@id\":\"https:\/\/ernestomanciet.fr\/index.php\/hotel\/#breadcrumb\"},\"inLanguage\":\"en-US\",\"potentialAction\":[{\"@type\":\"ReadAction\",\"target\":[\"https:\/\/ernestomanciet.fr\/index.php\/hotel\/\"]}]},{\"@type\":\"BreadcrumbList\",\"@id\":\"https:\/\/ernestomanciet.fr\/index.php\/hotel\/#breadcrumb\",\"itemListElement\":[{\"@type\":\"ListItem\",\"position\":1,\"name\":\"Accueil\",\"item\":\"https:\/\/ernestomanciet.fr\/\"},{\"@type\":\"ListItem\",\"position\":2,\"name\":\"H\u00f4tel\"}]},{\"@type\":\"WebSite\",\"@id\":\"https:\/\/ernestomanciet.fr\/#website\",\"url\":\"https:\/\/ernestomanciet.fr\/\",\"name\":\"Ernesto manciet\",\"description\":\"\",\"potentialAction\":[{\"@type\":\"SearchAction\",\"target\":{\"@type\":\"EntryPoint\",\"urlTemplate\":\"https:\/\/ernestomanciet.fr\/?s={search_term_string}\"},\"query-input\":\"required name=search_term_string\"}],\"inLanguage\":\"en-US\"}]}<\/script>\n<!-- \/ Yoast SEO plugin. -->","yoast_head_json":{"title":"H\u00f4tel - Ernesto","robots":{"index":"index","follow":"follow","max-snippet":"max-snippet:-1","max-image-preview":"max-image-preview:large","max-video-preview":"max-video-preview:-1"},"canonical":"https:\/\/ernestomanciet.fr\/index.php\/hotel\/","og_locale":"en_US","og_type":"article","og_title":"H\u00f4tel - Ernesto","og_description":"De passage, en vacances, le Bar-H\u00f4tel-Restaurant Ernesto vous propose des chambres. L&#8217;\u00e9tablissement poss\u00e8de 4 chambres. 2 chambres avec 1 lit double et 1 lit simple 1 chambre avec 1 lit double 1 chambre avec 2 lits simples Tarifs: Chambre individuelle : 48\u20ac Chambre double : 57\u20ac Chambre triple : 81\u20ac 1\/2 pension pour une personne : 70\u20ac 1\/2 pension pour deux personnes : 100\u20ac Petit d\u00e9jeuner : 7\u20ac\/personne Animaux : 5\u20ac","og_url":"https:\/\/ernestomanciet.fr\/index.php\/hotel\/","og_site_name":"Ernesto","article_publisher":"https:\/\/www.facebook.com\/ernestomanciet","article_modified_time":"2024-01-20T15:13:07+00:00","twitter_card":"summary_large_image","twitter_misc":{"Est. reading time":"1 minute"},"schema":{"@context":"https:\/\/schema.org","@graph":[{"@type":"WebPage","@id":"https:\/\/ernestomanciet.fr\/index.php\/hotel\/","url":"https:\/\/ernestomanciet.fr\/index.php\/hotel\/","name":"H\u00f4tel - Ernesto","isPartOf":{"@id":"https:\/\/ernestomanciet.fr\/#website"},"datePublished":"2023-02-11T14:43:23+00:00","dateModified":"2024-01-20T15:13:07+00:00","breadcrumb":{"@id":"https:\/\/ernestomanciet.fr\/index.php\/hotel\/#breadcrumb"},"inLanguage":"en-US","potentialAction":[{"@type":"ReadAction","target":["https:\/\/ernestomanciet.fr\/index.php\/hotel\/"]}]},{"@type":"BreadcrumbList","@id":"https:\/\/ernestomanciet.fr\/index.php\/hotel\/#breadcrumb","itemListElement":[{"@type":"ListItem","position":1,"name":"Accueil","item":"https:\/\/ernestomanciet.fr\/"},{"@type":"ListItem","position":2,"name":"H\u00f4tel"}]},{"@type":"WebSite","@id":"https:\/\/ernestomanciet.fr\/#website","url":"https:\/\/ernestomanciet.fr\/","name":"Ernesto manciet","description":"","potentialAction":[{"@type":"SearchAction","target":{"@type":"EntryPoint","urlTemplate":"https:\/\/ernestomanciet.fr\/?s={search_term_string}"},"query-input":"required name=search_term_string"}],"inLanguage":"en-US"}]}},"_links":{"self":[{"href":"https:\/\/ernestomanciet.fr\/index.php\/wp-json\/wp\/v2\/pages\/31","targetHints":{"allow":["GET"]}}],"collection":[{"href":"https:\/\/ernestomanciet.fr\/index.php\/wp-json\/wp\/v2\/pages"}],"about":[{"href":"https:\/\/ernestomanciet.fr\/index.php\/wp-json\/wp\/v2\/types\/page"}],"author":[{"embeddable":true,"href":"https:\/\/ernestomanciet.fr\/index.php\/wp-json\/wp\/v2\/users\/1"}],"replies":[{"embeddable":true,"href":"https:\/\/ernestomanciet.fr\/index.php\/wp-json\/wp\/v2\/comments?post=31"}],"version-history":[{"count":8,"href":"https:\/\/ernestomanciet.fr\/index.php\/wp-json\/wp\/v2\/pages\/31\/revisions"}],"predecessor-version":[{"id":136,"href":"https:\/\/ernestomanciet.fr\/index.php\/wp-json\/wp\/v2\/pages\/31\/revisions\/136"}],"wp:attachment":[{"href":"https:\/\/ernestomanciet.fr\/index.php\/wp-json\/wp\/v2\/media?parent=31"}],"curies":[{"name":"wp","href":"https:\/\/api.w.org\/{rel}","templated":true}]}}