{"id":46,"date":"2023-02-11T15:49:47","date_gmt":"2023-02-11T14:49:47","guid":{"rendered":"http:\/\/ernestomanciet.fr\/?page_id=46"},"modified":"2024-01-19T09:48:50","modified_gmt":"2024-01-19T08:48:50","slug":"horaires-douverture","status":"publish","type":"page","link":"https:\/\/ernestomanciet.fr\/index.php\/horaires-douverture\/","title":{"rendered":"Horaires d&#8217;ouverture"},"content":{"rendered":"\n<p><\/p>\n\n\n\n<p class=\"has-text-align-center has-black-color has-text-color has-medium-font-size\">Votre Bar- H\u00f4tel- Restaurant ERNESTO, vous accueille les :<\/p>\n\n\n\n<p class=\"has-text-align-center has-black-color has-text-color has-medium-font-size\">Lundis, Mardis, Jeudis, Vendredis, Samedis et Dimanches de 7h \u00e0 15h et de 17h \u00e0 21h<\/p>\n\n\n\n<p class=\"has-text-align-center has-black-color has-text-color has-medium-font-size\">Fermeture du restaurant les mercredis. <\/p>\n\n\n<div class=\"wp-block-image is-style-default\">\n<figure class=\"aligncenter size-large\"><img loading=\"lazy\" decoding=\"async\" width=\"1024\" height=\"576\" src=\"http:\/\/ernestomanciet.fr\/wp-content\/uploads\/2023\/02\/cropped-cropped-321955276_1161272434509162_6912873011619979872_n-1-1024x576.jpg\" alt=\"\" class=\"wp-image-64\" srcset=\"https:\/\/ernestomanciet.fr\/wp-content\/uploads\/2023\/02\/cropped-cropped-321955276_1161272434509162_6912873011619979872_n-1-1024x576.jpg 1024w, https:\/\/ernestomanciet.fr\/wp-content\/uploads\/2023\/02\/cropped-cropped-321955276_1161272434509162_6912873011619979872_n-1-300x169.jpg 300w, https:\/\/ernestomanciet.fr\/wp-content\/uploads\/2023\/02\/cropped-cropped-321955276_1161272434509162_6912873011619979872_n-1-768x432.jpg 768w, https:\/\/ernestomanciet.fr\/wp-content\/uploads\/2023\/02\/cropped-cropped-321955276_1161272434509162_6912873011619979872_n-1-1140x641.jpg 1140w, https:\/\/ernestomanciet.fr\/wp-content\/uploads\/2023\/02\/cropped-cropped-321955276_1161272434509162_6912873011619979872_n-1.jpg 1500w\" sizes=\"auto, (max-width: 1024px) 100vw, 1024px\" \/><\/figure>\n<\/div>","protected":false},"excerpt":{"rendered":"<p>Votre Bar- H\u00f4tel- Restaurant ERNESTO, vous accueille les : Lundis, Mardis, Jeudis, Vendredis, Samedis et Dimanches de 7h \u00e0 15h et de 17h \u00e0 21h Fermeture du restaurant les mercredis.<\/p>\n","protected":false},"author":1,"featured_media":0,"parent":0,"menu_order":0,"comment_status":"closed","ping_status":"closed","template":"","meta":{"footnotes":""},"class_list":["post-46","page","type-page","status-publish","hentry"],"yoast_head":"<!-- This site is optimized with the Yoast SEO plugin v20.1 - https:\/\/yoast.com\/wordpress\/plugins\/seo\/ -->\n<title>Horaires d&#039;ouverture - Ernesto<\/title>\n<meta name=\"description\" content=\"ERNESTO, vous accueille les lundis, mardis, jeudis, vendredis, samedis et dimanches de 7h \u00e0 15h et de 17h \u00e0 21h. Ferm\u00e9 le mercredi.\" \/>\n<meta name=\"robots\" content=\"index, follow, max-snippet:-1, max-image-preview:large, max-video-preview:-1\" \/>\n<link rel=\"canonical\" href=\"https:\/\/ernestomanciet.fr\/index.php\/horaires-douverture\/\" \/>\n<meta property=\"og:locale\" content=\"en_US\" \/>\n<meta property=\"og:type\" content=\"article\" \/>\n<meta property=\"og:title\" content=\"Horaires d&#039;ouverture - Ernesto\" \/>\n<meta property=\"og:description\" content=\"ERNESTO, vous accueille les lundis, mardis, jeudis, vendredis, samedis et dimanches de 7h \u00e0 15h et de 17h \u00e0 21h. Ferm\u00e9 le mercredi.\" \/>\n<meta property=\"og:url\" content=\"https:\/\/ernestomanciet.fr\/index.php\/horaires-douverture\/\" \/>\n<meta property=\"og:site_name\" content=\"Ernesto\" \/>\n<meta property=\"article:publisher\" content=\"https:\/\/www.facebook.com\/ernestomanciet\" \/>\n<meta property=\"article:modified_time\" content=\"2024-01-19T08:48:50+00:00\" \/>\n<meta property=\"og:image\" content=\"http:\/\/ernestomanciet.fr\/wp-content\/uploads\/2023\/02\/cropped-cropped-321955276_1161272434509162_6912873011619979872_n-1-1024x576.jpg\" \/>\n<meta name=\"twitter:card\" content=\"summary_large_image\" \/>\n<meta name=\"twitter:label1\" content=\"Est. reading time\" \/>\n\t<meta name=\"twitter:data1\" content=\"1 minute\" \/>\n<script type=\"application\/ld+json\" class=\"yoast-schema-graph\">{\"@context\":\"https:\/\/schema.org\",\"@graph\":[{\"@type\":\"WebPage\",\"@id\":\"https:\/\/ernestomanciet.fr\/index.php\/horaires-douverture\/\",\"url\":\"https:\/\/ernestomanciet.fr\/index.php\/horaires-douverture\/\",\"name\":\"Horaires d'ouverture - Ernesto\",\"isPartOf\":{\"@id\":\"https:\/\/ernestomanciet.fr\/#website\"},\"datePublished\":\"2023-02-11T14:49:47+00:00\",\"dateModified\":\"2024-01-19T08:48:50+00:00\",\"description\":\"ERNESTO, vous accueille les lundis, mardis, jeudis, vendredis, samedis et dimanches de 7h \u00e0 15h et de 17h \u00e0 21h. Ferm\u00e9 le mercredi.\",\"breadcrumb\":{\"@id\":\"https:\/\/ernestomanciet.fr\/index.php\/horaires-douverture\/#breadcrumb\"},\"inLanguage\":\"en-US\",\"potentialAction\":[{\"@type\":\"ReadAction\",\"target\":[\"https:\/\/ernestomanciet.fr\/index.php\/horaires-douverture\/\"]}]},{\"@type\":\"BreadcrumbList\",\"@id\":\"https:\/\/ernestomanciet.fr\/index.php\/horaires-douverture\/#breadcrumb\",\"itemListElement\":[{\"@type\":\"ListItem\",\"position\":1,\"name\":\"Accueil\",\"item\":\"https:\/\/ernestomanciet.fr\/\"},{\"@type\":\"ListItem\",\"position\":2,\"name\":\"Horaires d&#8217;ouverture\"}]},{\"@type\":\"WebSite\",\"@id\":\"https:\/\/ernestomanciet.fr\/#website\",\"url\":\"https:\/\/ernestomanciet.fr\/\",\"name\":\"Ernesto manciet\",\"description\":\"\",\"potentialAction\":[{\"@type\":\"SearchAction\",\"target\":{\"@type\":\"EntryPoint\",\"urlTemplate\":\"https:\/\/ernestomanciet.fr\/?s={search_term_string}\"},\"query-input\":\"required name=search_term_string\"}],\"inLanguage\":\"en-US\"}]}<\/script>\n<!-- \/ Yoast SEO plugin. -->","yoast_head_json":{"title":"Horaires d'ouverture - Ernesto","description":"ERNESTO, vous accueille les lundis, mardis, jeudis, vendredis, samedis et dimanches de 7h \u00e0 15h et de 17h \u00e0 21h. Ferm\u00e9 le mercredi.","robots":{"index":"index","follow":"follow","max-snippet":"max-snippet:-1","max-image-preview":"max-image-preview:large","max-video-preview":"max-video-preview:-1"},"canonical":"https:\/\/ernestomanciet.fr\/index.php\/horaires-douverture\/","og_locale":"en_US","og_type":"article","og_title":"Horaires d'ouverture - Ernesto","og_description":"ERNESTO, vous accueille les lundis, mardis, jeudis, vendredis, samedis et dimanches de 7h \u00e0 15h et de 17h \u00e0 21h. Ferm\u00e9 le mercredi.","og_url":"https:\/\/ernestomanciet.fr\/index.php\/horaires-douverture\/","og_site_name":"Ernesto","article_publisher":"https:\/\/www.facebook.com\/ernestomanciet","article_modified_time":"2024-01-19T08:48:50+00:00","og_image":[{"url":"http:\/\/ernestomanciet.fr\/wp-content\/uploads\/2023\/02\/cropped-cropped-321955276_1161272434509162_6912873011619979872_n-1-1024x576.jpg"}],"twitter_card":"summary_large_image","twitter_misc":{"Est. reading time":"1 minute"},"schema":{"@context":"https:\/\/schema.org","@graph":[{"@type":"WebPage","@id":"https:\/\/ernestomanciet.fr\/index.php\/horaires-douverture\/","url":"https:\/\/ernestomanciet.fr\/index.php\/horaires-douverture\/","name":"Horaires d'ouverture - Ernesto","isPartOf":{"@id":"https:\/\/ernestomanciet.fr\/#website"},"datePublished":"2023-02-11T14:49:47+00:00","dateModified":"2024-01-19T08:48:50+00:00","description":"ERNESTO, vous accueille les lundis, mardis, jeudis, vendredis, samedis et dimanches de 7h \u00e0 15h et de 17h \u00e0 21h. Ferm\u00e9 le mercredi.","breadcrumb":{"@id":"https:\/\/ernestomanciet.fr\/index.php\/horaires-douverture\/#breadcrumb"},"inLanguage":"en-US","potentialAction":[{"@type":"ReadAction","target":["https:\/\/ernestomanciet.fr\/index.php\/horaires-douverture\/"]}]},{"@type":"BreadcrumbList","@id":"https:\/\/ernestomanciet.fr\/index.php\/horaires-douverture\/#breadcrumb","itemListElement":[{"@type":"ListItem","position":1,"name":"Accueil","item":"https:\/\/ernestomanciet.fr\/"},{"@type":"ListItem","position":2,"name":"Horaires d&#8217;ouverture"}]},{"@type":"WebSite","@id":"https:\/\/ernestomanciet.fr\/#website","url":"https:\/\/ernestomanciet.fr\/","name":"Ernesto manciet","description":"","potentialAction":[{"@type":"SearchAction","target":{"@type":"EntryPoint","urlTemplate":"https:\/\/ernestomanciet.fr\/?s={search_term_string}"},"query-input":"required name=search_term_string"}],"inLanguage":"en-US"}]}},"_links":{"self":[{"href":"https:\/\/ernestomanciet.fr\/index.php\/wp-json\/wp\/v2\/pages\/46","targetHints":{"allow":["GET"]}}],"collection":[{"href":"https:\/\/ernestomanciet.fr\/index.php\/wp-json\/wp\/v2\/pages"}],"about":[{"href":"https:\/\/ernestomanciet.fr\/index.php\/wp-json\/wp\/v2\/types\/page"}],"author":[{"embeddable":true,"href":"https:\/\/ernestomanciet.fr\/index.php\/wp-json\/wp\/v2\/users\/1"}],"replies":[{"embeddable":true,"href":"https:\/\/ernestomanciet.fr\/index.php\/wp-json\/wp\/v2\/comments?post=46"}],"version-history":[{"count":9,"href":"https:\/\/ernestomanciet.fr\/index.php\/wp-json\/wp\/v2\/pages\/46\/revisions"}],"predecessor-version":[{"id":117,"href":"https:\/\/ernestomanciet.fr\/index.php\/wp-json\/wp\/v2\/pages\/46\/revisions\/117"}],"wp:attachment":[{"href":"https:\/\/ernestomanciet.fr\/index.php\/wp-json\/wp\/v2\/media?parent=46"}],"curies":[{"name":"wp","href":"https:\/\/api.w.org\/{rel}","templated":true}]}}